{"id":2686,"date":"2025-05-22T13:46:23","date_gmt":"2025-05-22T11:46:23","guid":{"rendered":"https:\/\/doubletakedecor.com\/contact-us\/"},"modified":"2025-07-20T22:05:45","modified_gmt":"2025-07-20T20:05:45","slug":"kontaktieren-sie-uns","status":"publish","type":"page","link":"https:\/\/doubletakedecor.com\/de\/kontaktieren-sie-uns\/","title":{"rendered":"Kontaktieren Sie uns"},"content":{"rendered":"<p class=\"lead\">Du hast eine Frage, eine Idee f\u00fcr eine Zusammenarbeit oder m\u00f6chtest einfach nur Hallo sagen? Wir freuen uns, von dir zu h\u00f6ren.<\/p>\n<div style=\"height:50px;\"><\/div>\n[fluentform id=&#8220;3&#8243;]\n<div style=\"height:50px;\"><\/div>\n<section class=\"contact-emails\">\n<p>Allgemeine Anfragen: <a href=\"mailto:hello@doubletakedecor.com\">hello@doubletakedecor.com<\/a><\/p>\n<p>Support: <a href=\"mailto:support@doubletakedecor.com\">support@doubletakedecor.com<\/a><\/p>\n<p>Redaktionsteam: <a href=\"mailto:editors@doubletakedecor.com\">editors@doubletakedecor.com<\/a><\/p>\n<\/section>\n","protected":false},"excerpt":{"rendered":"<p>Du hast eine Frage, eine Idee f\u00fcr eine Zusammenarbeit oder m\u00f6chtest einfach nur Hallo sagen? Wir freuen uns, von dir zu h\u00f6ren. [fluentform id=&#8220;3&#8243;] Allgemeine Anfragen: hello@doubletakedecor.com Support: support@doubletakedecor.com Redaktionsteam: editors@doubletakedecor.com<\/p>\n","protected":false},"author":6,"featured_media":0,"parent":0,"menu_order":0,"comment_status":"closed","ping_status":"closed","template":"","meta":{"rank_math_focus_keyword":"","rank_math_title":"Kontakt \u2013 DoubleTake D\u00e9cor &amp; Anfragen","rank_math_description":"Fragen, Kooperationsideen oder Presseanfragen? Kontaktiere das Team von DoubleTake D\u00e9cor \u2013 wir helfen dir gern, R\u00e4ume mit Stil neu zu gestalten.","footnotes":""},"class_list":["post-2686","page","type-page","status-publish","hentry","no-post-thumbnail"],"g_custom_schema_json":"","_links":{"self":[{"href":"https:\/\/doubletakedecor.com\/de\/wp-json\/wp\/v2\/pages\/2686","targetHints":{"allow":["GET"]}}],"collection":[{"href":"https:\/\/doubletakedecor.com\/de\/wp-json\/wp\/v2\/pages"}],"about":[{"href":"https:\/\/doubletakedecor.com\/de\/wp-json\/wp\/v2\/types\/page"}],"author":[{"embeddable":true,"href":"https:\/\/doubletakedecor.com\/de\/wp-json\/wp\/v2\/users\/6"}],"replies":[{"embeddable":true,"href":"https:\/\/doubletakedecor.com\/de\/wp-json\/wp\/v2\/comments?post=2686"}],"version-history":[{"count":2,"href":"https:\/\/doubletakedecor.com\/de\/wp-json\/wp\/v2\/pages\/2686\/revisions"}],"predecessor-version":[{"id":2691,"href":"https:\/\/doubletakedecor.com\/de\/wp-json\/wp\/v2\/pages\/2686\/revisions\/2691"}],"wp:attachment":[{"href":"https:\/\/doubletakedecor.com\/de\/wp-json\/wp\/v2\/media?parent=2686"}],"curies":[{"name":"wp","href":"https:\/\/api.w.org\/{rel}","templated":true}]}}