{"id":2735,"date":"2025-07-20T00:54:31","date_gmt":"2025-07-19T22:54:31","guid":{"rendered":"https:\/\/doubletakedecor.com\/terms-of-use\/"},"modified":"2025-07-20T14:01:50","modified_gmt":"2025-07-20T12:01:50","slug":"nutzungsbedingungen","status":"publish","type":"page","link":"https:\/\/doubletakedecor.com\/de\/nutzungsbedingungen\/","title":{"rendered":"Nutzungsbedingungen"},"content":{"rendered":"<p>Diese Nutzungsbedingungen regeln deinen Zugang zu sowie die Nutzung s\u00e4mtlicher Inhalte, Produkte und Dienstleistungen, die auf der Website https:\/\/doubletakedecor.com (der \u201eService\u201c) von DoubleTake D\u00e9cor (\u201euns\u201c, \u201ewir\u201c oder \u201eunser\u201c) angeboten werden.<\/p>\n<p>Dein Zugang zu unseren Diensten unterliegt deiner vorbehaltlosen Annahme s\u00e4mtlicher hierin aufgef\u00fchrter Bedingungen sowie aller sonstigen Betriebsregeln und Richtlinien, die wir ver\u00f6ffentlichen und von Zeit zu Zeit aktualisieren k\u00f6nnen.<\/p>\n<p>Bitte lies diese Vereinbarung sorgf\u00e4ltig durch, bevor du auf unsere Dienstleistungen zugreifst oder diese nutzt. Durch den Zugriff auf oder die Nutzung beliebiger Teile unserer Dienste erkl\u00e4rst du dich mit diesen Bedingungen einverstanden. Wenn du mit irgendeinem Teil der Bedingungen dieser Vereinbarung nicht einverstanden bist, darfst du unsere Dienste nicht nutzen oder auf sie zugreifen.<\/p>\n<h2>Geistiges Eigentum<\/h2>\n<p>Durch diese Vereinbarung erfolgt keine \u00dcbertragung von geistigem Eigentum (weder von uns noch von Dritten) an dich. S\u00e4mtliche Rechte, Titel und Interessen an diesem Eigentum verbleiben (zwischen den Parteien) ausschlie\u00dflich bei DoubleTake D\u00e9cor und deren Lizenzgebern.<\/p>\n<h3>Dienste Dritter<\/h3>\n<p>Bei der Nutzung des Service kannst du gegebenenfalls Dienste, Produkte, Software, Einbindungen (\u201eembeds\u201c) oder Anwendungen von Drittanbietern (\u201eDienste Dritter\u201c) nutzen.<\/p>\n<p>Wenn du solche Dienste Dritter benutzt, gilt Folgendes:<\/p>\n<ul>\n<li>Die Nutzung solcher Dienste Dritter erfolgt auf eigenes Risiko; wir \u00fcbernehmen keinerlei Verantwortung oder Haftung f\u00fcr Webseiten oder Dienstleistungen Dritter.<\/li>\n<li>Du erkennst an und stimmst zu, dass wir nicht verantwortlich oder haftbar sind f\u00fcr Sch\u00e4den oder Verluste, die durch die Nutzung solcher Inhalte, Waren oder Dienstleistungen, die \u00fcber solche Webseiten oder Dienste verf\u00fcgbar sind oder sein sollen, verursacht wurden oder angeblich verursacht wurden.<\/li>\n<\/ul>\n<h2>Konten<\/h2>\n<p>Sofern f\u00fcr die Nutzung eines Teils unserer Dienste die Einrichtung eines Kontos notwendig ist, verpflichtest du dich, uns bei der Registrierung vollst\u00e4ndige und korrekte Angaben zu machen.<\/p>\n<p>Du tr\u00e4gst die alleinige Verantwortung und Haftung f\u00fcr alle Aktivit\u00e4ten, die unter deinem Konto erfolgen. Du bist daf\u00fcr verantwortlich, deine Kontodaten aktuell zu halten und dein Passwort sicher aufzubewahren.<\/p>\n<p>Es liegt in deiner Verantwortung, die Sicherheit deines Kontos, mit dem du auf unseren Service zugreifst, zu gew\u00e4hrleisten. Du darfst deine Zugangsdaten weder weitergeben noch missbrauchen. Im Falle einer unautorisierten Nutzung deines Kontos oder falls du von einer anderen Sicherheitsverletzung Kenntnis erh\u00e4ltst, musst du uns umgehend informieren.<\/p>\n<h2>K\u00fcndigung<\/h2>\n<p>Wir behalten uns das Recht vor, deinen Zugang zu s\u00e4mtlichen oder einzelnen Teilen unserer Dienste jederzeit, mit oder ohne Angabe von Gr\u00fcnden, mit oder ohne vorherige Mitteilung und mit sofortiger Wirkung zu k\u00fcndigen oder zu sperren.<\/p>\n<p>Wenn du die Vereinbarung oder dein DoubleTake D\u00e9cor-Konto k\u00fcndigen m\u00f6chtest, kannst du die Nutzung unserer Dienste einfach einstellen.<\/p>\n<p>Alle Bestimmungen dieser Vereinbarung, die ihrem Wesen nach \u00fcber die K\u00fcndigung hinaus Bestand haben sollten, bleiben auch nach Beendigung in Kraft, einschlie\u00dflich, aber nicht beschr\u00e4nkt auf Eigentumsklauseln, Gew\u00e4hrleistungsausschl\u00fcsse, Schadloshaltung und Haftungsbeschr\u00e4nkungen.<\/p>\n<h2>Haftungsausschluss<\/h2>\n<p>Unsere Dienste werden \u201eWIE BESEHEN\u201c (\u201eAS IS\u201c) und \u201eNACH VERF\u00dcGBARKEIT\u201c bereitgestellt. DoubleTake D\u00e9cor sowie dessen Anbieter und Lizenzgeber schlie\u00dfen hiermit s\u00e4mtliche ausdr\u00fccklichen oder stillschweigenden Gew\u00e4hrleistungen in vollem Umfang aus, einschlie\u00dflich, aber nicht beschr\u00e4nkt auf die Gew\u00e4hrleistungen der Marktg\u00e4ngigkeit, Eignung f\u00fcr einen bestimmten Zweck und Nichtverletzung von Rechten Dritter. Weder DoubleTake D\u00e9cor noch deren Anbieter oder Lizenzgeber gew\u00e4hrleisten, dass unsere Dienste fehlerfrei sind oder der Zugriff darauf kontinuierlich oder unterbrechungsfrei erfolgt. Du verstehst, dass du s\u00e4mtliche Inhalte oder Dienstleistungen nach eigenem Ermessen und auf eigenes Risiko herunterl\u00e4dst oder anderweitig \u00fcber unsere Dienste beziehst.<\/p>\n<h3>Gerichtsstand und anwendbares Recht<\/h3>\n<p>Soweit nicht anders durch anwendbares Recht vorgeschrieben, unterliegen diese Vereinbarung und jeglicher Zugang zu oder Nutzung unserer Dienste dem Recht der Vereinigten Staaten von Amerika.<\/p>\n<p>Der zust\u00e4ndige Gerichtsstand f\u00fcr alle Streitigkeiten, die sich aus oder im Zusammenhang mit dieser Vereinbarung und jeglichem Zugang zu oder Nutzung unserer Dienste ergeben, sind die staatlichen und bundesstaatlichen Gerichte der Vereinigten Staaten von Amerika.<\/p>\n<h2>\u00c4nderungen<\/h2>\n<p>DoubleTake D\u00e9cor beh\u00e4lt sich das Recht vor, nach eigenem Ermessen diese Bedingungen jederzeit zu \u00e4ndern oder zu ersetzen.<\/p>\n<p>Im Falle wesentlicher \u00c4nderungen werden wir dich durch eine Mitteilung auf unserer Website oder per E-Mail oder auf andere Weise informieren, bevor die \u00c4nderungen wirksam werden. Die Mitteilung wird eine angemessene Frist angeben, nach deren Ablauf die neuen Bedingungen in Kraft treten.<\/p>\n<p>Wenn du mit unseren \u00c4nderungen nicht einverstanden bist, solltest du die Nutzung unserer Dienste innerhalb der angegebenen Frist einstellen oder ab dem Zeitpunkt, an dem die \u00c4nderungen in Kraft treten.<\/p>\n<p>Die weitere Nutzung unserer Dienste unterliegt den neuen Bedingungen.<\/p>\n","protected":false},"excerpt":{"rendered":"<p>Diese Nutzungsbedingungen regeln deinen Zugang zu sowie die Nutzung s\u00e4mtlicher Inhalte, Produkte und Dienstleistungen, die auf der Website https:\/\/doubletakedecor.com (der \u201eService\u201c) von DoubleTake D\u00e9cor (\u201euns\u201c, \u201ewir\u201c oder \u201eunser\u201c) angeboten werden. Dein Zugang zu unseren Diensten unterliegt deiner vorbehaltlosen Annahme s\u00e4mtlicher hierin aufgef\u00fchrter Bedingungen sowie aller sonstigen Betriebsregeln und Richtlinien, die wir ver\u00f6ffentlichen und von Zeit zu Zeit aktualisieren k\u00f6nnen. Bitte&hellip;<\/p>\n","protected":false},"author":6,"featured_media":0,"parent":0,"menu_order":0,"comment_status":"closed","ping_status":"closed","template":"","meta":{"rank_math_focus_keyword":"","rank_math_title":"","rank_math_description":"","footnotes":""},"class_list":["post-2735","page","type-page","status-publish","hentry","no-post-thumbnail"],"g_custom_schema_json":"","_links":{"self":[{"href":"https:\/\/doubletakedecor.com\/de\/wp-json\/wp\/v2\/pages\/2735","targetHints":{"allow":["GET"]}}],"collection":[{"href":"https:\/\/doubletakedecor.com\/de\/wp-json\/wp\/v2\/pages"}],"about":[{"href":"https:\/\/doubletakedecor.com\/de\/wp-json\/wp\/v2\/types\/page"}],"author":[{"embeddable":true,"href":"https:\/\/doubletakedecor.com\/de\/wp-json\/wp\/v2\/users\/6"}],"replies":[{"embeddable":true,"href":"https:\/\/doubletakedecor.com\/de\/wp-json\/wp\/v2\/comments?post=2735"}],"version-history":[{"count":2,"href":"https:\/\/doubletakedecor.com\/de\/wp-json\/wp\/v2\/pages\/2735\/revisions"}],"predecessor-version":[{"id":2744,"href":"https:\/\/doubletakedecor.com\/de\/wp-json\/wp\/v2\/pages\/2735\/revisions\/2744"}],"wp:attachment":[{"href":"https:\/\/doubletakedecor.com\/de\/wp-json\/wp\/v2\/media?parent=2735"}],"curies":[{"name":"wp","href":"https:\/\/api.w.org\/{rel}","templated":true}]}}