{"id":2653,"date":"2025-07-19T14:37:08","date_gmt":"2025-07-19T12:37:08","guid":{"rendered":"https:\/\/doubletakedecor.com\/pagina-principal\/"},"modified":"2025-07-20T22:10:10","modified_gmt":"2025-07-20T20:10:10","slug":"pagina-principal","status":"publish","type":"page","link":"https:\/\/doubletakedecor.com\/es\/","title":{"rendered":"P\u00e1gina principal"},"content":{"rendered":"<div id=\"cs-content\" class=\"cs-content\"><\/div>\n","protected":false},"excerpt":{"rendered":"<p>Dale una segunda mirada a cada habitaci\u00f3n. Ideas pr\u00e1cticas, estilo atemporal y confianza para el bricolaje\u2014servidas frescas para hogares reales.Empieza a renovar tu espacio\u00danete a nuestro bolet\u00edn gratuitoNovedades del blog Explora nuestros \u00faltimos tutoriales, renovaciones y an\u00e1lisis de estilo en profundidad. Ya sea que tengas diez minutos o todo un fin de semana, encontrar\u00e1s una idea que vale la pena&hellip;<\/p>\n","protected":false},"author":7,"featured_media":0,"parent":0,"menu_order":0,"comment_status":"closed","ping_status":"closed","template":"","meta":{"rank_math_focus_keyword":"","rank_math_title":"DoubleTake D\u00e9cor \u2013 Ideas de decoraci\u00f3n, bricolaje y renovaci\u00f3n de espacios","rank_math_description":"Ideas pr\u00e1cticas, inclusivas y atemporales de decoraci\u00f3n del hogar, gu\u00edas de bricolaje y consejos de jardiner\u00eda para darle a cada habitaci\u00f3n una segunda mirada\u2014con estilo, asequibles y sostenibles.","footnotes":""},"class_list":["post-2653","page","type-page","status-publish","hentry","no-post-thumbnail"],"g_custom_schema_json":"","_links":{"self":[{"href":"https:\/\/doubletakedecor.com\/es\/wp-json\/wp\/v2\/pages\/2653","targetHints":{"allow":["GET"]}}],"collection":[{"href":"https:\/\/doubletakedecor.com\/es\/wp-json\/wp\/v2\/pages"}],"about":[{"href":"https:\/\/doubletakedecor.com\/es\/wp-json\/wp\/v2\/types\/page"}],"author":[{"embeddable":true,"href":"https:\/\/doubletakedecor.com\/es\/wp-json\/wp\/v2\/users\/7"}],"replies":[{"embeddable":true,"href":"https:\/\/doubletakedecor.com\/es\/wp-json\/wp\/v2\/comments?post=2653"}],"version-history":[{"count":2,"href":"https:\/\/doubletakedecor.com\/es\/wp-json\/wp\/v2\/pages\/2653\/revisions"}],"predecessor-version":[{"id":2755,"href":"https:\/\/doubletakedecor.com\/es\/wp-json\/wp\/v2\/pages\/2653\/revisions\/2755"}],"wp:attachment":[{"href":"https:\/\/doubletakedecor.com\/es\/wp-json\/wp\/v2\/media?parent=2653"}],"curies":[{"name":"wp","href":"https:\/\/api.w.org\/{rel}","templated":true}]}}