{"id":2702,"date":"2025-07-20T01:24:46","date_gmt":"2025-07-19T23:24:46","guid":{"rendered":"https:\/\/doubletakedecor.com\/subscribe\/"},"modified":"2025-07-20T22:13:25","modified_gmt":"2025-07-20T20:13:25","slug":"suscribirse","status":"publish","type":"page","link":"https:\/\/doubletakedecor.com\/es\/suscribirse\/","title":{"rendered":"Suscribirse"},"content":{"rendered":"[SUBSCRIBE FORM]\n","protected":false},"excerpt":{"rendered":"<p>[SUBSCRIBE FORM]<\/p>\n","protected":false},"author":7,"featured_media":0,"parent":0,"menu_order":0,"comment_status":"closed","ping_status":"closed","template":"","meta":{"rank_math_focus_keyword":"","rank_math_title":"Suscr\u00edbete \u2013 Bolet\u00edn de ideas de decoraci\u00f3n del hogar","rank_math_description":"\u00danete al bolet\u00edn Second Look de DoubleTake D\u00e9cor y recibe ideas frescas, listas de bricolaje y acceso anticipado a talleres\u2014suscr\u00edbete hoy para renovar tu espacio.","footnotes":""},"class_list":["post-2702","page","type-page","status-publish","hentry","no-post-thumbnail"],"g_custom_schema_json":"","_links":{"self":[{"href":"https:\/\/doubletakedecor.com\/es\/wp-json\/wp\/v2\/pages\/2702","targetHints":{"allow":["GET"]}}],"collection":[{"href":"https:\/\/doubletakedecor.com\/es\/wp-json\/wp\/v2\/pages"}],"about":[{"href":"https:\/\/doubletakedecor.com\/es\/wp-json\/wp\/v2\/types\/page"}],"author":[{"embeddable":true,"href":"https:\/\/doubletakedecor.com\/es\/wp-json\/wp\/v2\/users\/7"}],"replies":[{"embeddable":true,"href":"https:\/\/doubletakedecor.com\/es\/wp-json\/wp\/v2\/comments?post=2702"}],"version-history":[{"count":2,"href":"https:\/\/doubletakedecor.com\/es\/wp-json\/wp\/v2\/pages\/2702\/revisions"}],"predecessor-version":[{"id":2708,"href":"https:\/\/doubletakedecor.com\/es\/wp-json\/wp\/v2\/pages\/2702\/revisions\/2708"}],"wp:attachment":[{"href":"https:\/\/doubletakedecor.com\/es\/wp-json\/wp\/v2\/media?parent=2702"}],"curies":[{"name":"wp","href":"https:\/\/api.w.org\/{rel}","templated":true}]}}