{"id":2738,"date":"2025-07-20T00:54:31","date_gmt":"2025-07-19T22:54:31","guid":{"rendered":"https:\/\/doubletakedecor.com\/terms-of-use\/"},"modified":"2025-07-20T14:03:43","modified_gmt":"2025-07-20T12:03:43","slug":"terminos-de-uso","status":"publish","type":"page","link":"https:\/\/doubletakedecor.com\/es\/terminos-de-uso\/","title":{"rendered":"T\u00e9rminos de Uso"},"content":{"rendered":"<p>Estos T\u00e9rminos rigen tu acceso y uso de todo el contenido, productos y servicios disponibles en el sitio web https:\/\/doubletakedecor.com (el \u201cServicio\u201d), operado por DoubleTake D\u00e9cor (\u201cnosotros\u201d, \u201cnuestro\u201d o \u201cnos\u201d).<\/p>\n<p>Tu acceso a nuestros servicios est\u00e1 sujeto a la aceptaci\u00f3n, sin modificaciones, de todos los t\u00e9rminos y condiciones aqu\u00ed contenidos, as\u00ed como de todas las dem\u00e1s normas y pol\u00edticas operativas publicadas y que podamos publicar ocasionalmente.<\/p>\n<p>Por favor, lee atentamente este Acuerdo antes de acceder o usar nuestros Servicios. Al acceder o utilizar cualquier parte de nuestros Servicios, aceptas estar sujeto a estos T\u00e9rminos. Si no est\u00e1s de acuerdo con alguna parte de los t\u00e9rminos del Acuerdo, no podr\u00e1s acceder ni utilizar nuestros Servicios.<\/p>\n<h2>Propiedad Intelectual<\/h2>\n<p>El Acuerdo no transfiere de Nosotros a ti ninguna propiedad intelectual nuestra ni de terceros, y todos los derechos, t\u00edtulos e intereses sobre dicha propiedad permanecer\u00e1n (entre las partes) exclusivamente con DoubleTake D\u00e9cor y sus licenciantes.<\/p>\n<h3>Servicios de Terceros<\/h3>\n<p>Al usar los Servicios, puedes utilizar servicios, productos, software, integraciones o aplicaciones desarrolladas por terceros (\u201cServicios de Terceros\u201d).<\/p>\n<p>Si usas cualquier Servicio de Terceros, entiendes que:<\/p>\n<ul>\n<li>El uso de un Servicio de Terceros es bajo tu propio riesgo, y no seremos responsables ante nadie por sitios web o servicios de terceros.<\/li>\n<li>Reconoces y aceptas que no seremos responsables por ning\u00fan da\u00f1o o p\u00e9rdida causado o presuntamente causado por o en relaci\u00f3n con el uso de cualquier contenido, bienes o servicios disponibles a trav\u00e9s de dichos sitios web o servicios.<\/li>\n<\/ul>\n<h2>Cuentas<\/h2>\n<p>Cuando el uso de alguna parte de nuestros Servicios requiera una cuenta, aceptas proporcionarnos informaci\u00f3n completa y precisa al registrarte para una cuenta.<\/p>\n<p>T\u00fa ser\u00e1s el \u00fanico responsable de cualquier actividad que ocurra bajo tu cuenta. Eres responsable de mantener tu informaci\u00f3n de cuenta actualizada y tu contrase\u00f1a segura.<\/p>\n<p>Eres responsable de mantener la seguridad de tu cuenta que utilizas para acceder al Servicio. No debes compartir ni hacer un uso indebido de tus credenciales de acceso. Debes notificarnos inmediatamente sobre cualquier uso no autorizado de tu cuenta o al tener conocimiento de cualquier otra violaci\u00f3n de seguridad.<\/p>\n<h2>Terminaci\u00f3n<\/h2>\n<p>Podemos terminar o suspender tu acceso a todo o parte de nuestros Servicios en cualquier momento, con o sin causa, con o sin previo aviso, con efecto inmediato.<\/p>\n<p>Si deseas rescindir el Acuerdo o tu cuenta de DoubleTake D\u00e9cor, simplemente puedes dejar de utilizar nuestros Servicios.<\/p>\n<p>Todas las disposiciones del Acuerdo que por su naturaleza deban sobrevivir a la terminaci\u00f3n seguir\u00e1n en vigor tras la terminaci\u00f3n, incluidas, sin limitaci\u00f3n, las relacionadas con la propiedad, exenciones de garant\u00eda, indemnizaci\u00f3n y limitaciones de responsabilidad.<\/p>\n<h2>Exenci\u00f3n de Responsabilidad<\/h2>\n<p>Nuestros Servicios se proporcionan \u201cTAL CUAL\u201d y seg\u00fan \u201cDISPONIBILIDAD\u201d. DoubleTake D\u00e9cor y sus proveedores y licenciantes renuncian por la presente a todas las garant\u00edas de cualquier tipo, expresas o impl\u00edcitas, incluidas, sin limitaci\u00f3n, las garant\u00edas de comerciabilidad, idoneidad para un prop\u00f3sito particular y no infracci\u00f3n. Ni DoubleTake D\u00e9cor, ni sus proveedores o licenciantes, ofrecen ninguna garant\u00eda de que nuestros Servicios estar\u00e1n libres de errores o que el acceso a ellos ser\u00e1 continuo o ininterrumpido. Entiendes que descargas o, de otro modo, obtienes contenido o servicios a trav\u00e9s de nuestros Servicios bajo tu propia decisi\u00f3n y riesgo.<\/p>\n<h3>Jurisdicci\u00f3n y Ley Aplicable<\/h3>\n<p>Salvo que la ley aplicable disponga lo contrario, el Acuerdo y cualquier acceso o uso de nuestros Servicios se regir\u00e1n por las leyes de Estados Unidos de Am\u00e9rica.<\/p>\n<p>La jurisdicci\u00f3n competente para cualquier disputa derivada de o relacionada con el Acuerdo y cualquier acceso o uso de nuestros Servicios ser\u00e1n los tribunales estatales y federales ubicados en Estados Unidos de Am\u00e9rica.<\/p>\n<h2>Cambios<\/h2>\n<p>DoubleTake D\u00e9cor se reserva el derecho, a su entera discreci\u00f3n, de modificar o reemplazar estos T\u00e9rminos en cualquier momento.<\/p>\n<p>Si realizamos cambios sustanciales, te lo notificaremos publicando en nuestro sitio web, envi\u00e1ndote un correo electr\u00f3nico u otra comunicaci\u00f3n antes de que los cambios entren en vigor. El aviso designar\u00e1 un periodo razonable tras el cual los nuevos t\u00e9rminos ser\u00e1n efectivos.<\/p>\n<p>Si no est\u00e1s de acuerdo con los cambios, deber\u00e1s dejar de utilizar nuestros Servicios dentro del plazo indicado en el aviso, o una vez que los cambios entren en vigor.<\/p>\n<p>El uso continuado de nuestros Servicios estar\u00e1 sujeto a los nuevos t\u00e9rminos.<\/p>\n","protected":false},"excerpt":{"rendered":"<p>Estos T\u00e9rminos rigen tu acceso y uso de todo el contenido, productos y servicios disponibles en el sitio web https:\/\/doubletakedecor.com (el \u201cServicio\u201d), operado por DoubleTake D\u00e9cor (\u201cnosotros\u201d, \u201cnuestro\u201d o \u201cnos\u201d). Tu acceso a nuestros servicios est\u00e1 sujeto a la aceptaci\u00f3n, sin modificaciones, de todos los t\u00e9rminos y condiciones aqu\u00ed contenidos, as\u00ed como de todas las dem\u00e1s normas y pol\u00edticas operativas&hellip;<\/p>\n","protected":false},"author":7,"featured_media":0,"parent":0,"menu_order":0,"comment_status":"closed","ping_status":"closed","template":"","meta":{"rank_math_focus_keyword":"","rank_math_title":"","rank_math_description":"","footnotes":""},"class_list":["post-2738","page","type-page","status-publish","hentry","no-post-thumbnail"],"g_custom_schema_json":"","_links":{"self":[{"href":"https:\/\/doubletakedecor.com\/es\/wp-json\/wp\/v2\/pages\/2738","targetHints":{"allow":["GET"]}}],"collection":[{"href":"https:\/\/doubletakedecor.com\/es\/wp-json\/wp\/v2\/pages"}],"about":[{"href":"https:\/\/doubletakedecor.com\/es\/wp-json\/wp\/v2\/types\/page"}],"author":[{"embeddable":true,"href":"https:\/\/doubletakedecor.com\/es\/wp-json\/wp\/v2\/users\/7"}],"replies":[{"embeddable":true,"href":"https:\/\/doubletakedecor.com\/es\/wp-json\/wp\/v2\/comments?post=2738"}],"version-history":[{"count":2,"href":"https:\/\/doubletakedecor.com\/es\/wp-json\/wp\/v2\/pages\/2738\/revisions"}],"predecessor-version":[{"id":2748,"href":"https:\/\/doubletakedecor.com\/es\/wp-json\/wp\/v2\/pages\/2738\/revisions\/2748"}],"wp:attachment":[{"href":"https:\/\/doubletakedecor.com\/es\/wp-json\/wp\/v2\/media?parent=2738"}],"curies":[{"name":"wp","href":"https:\/\/api.w.org\/{rel}","templated":true}]}}