{"id":2657,"date":"2025-07-19T14:37:08","date_gmt":"2025-07-19T12:37:08","guid":{"rendered":"https:\/\/doubletakedecor.com\/page-daccueil\/"},"modified":"2025-07-20T22:07:52","modified_gmt":"2025-07-20T20:07:52","slug":"page-daccueil","status":"publish","type":"page","link":"https:\/\/doubletakedecor.com\/fr\/","title":{"rendered":"Page d\u2019accueil"},"content":{"rendered":"<div id=\"cs-content\" class=\"cs-content\"><\/div>\n","protected":false},"excerpt":{"rendered":"<p>Offrez une seconde chance \u00e0 chaque pi\u00e8ce. Des id\u00e9es pratiques, un style intemporel et la confiance pour le faire soi-m\u00eame \u2014 servis frais pour des maisons bien r\u00e9elles.Commencez \u00e0 rafra\u00eechir votre pi\u00e8ceRejoignez notre newsletter gratuiteNouveaut\u00e9s du journal D\u00e9couvrez nos derniers tutoriels, relookings et analyses de style approfondies. Que vous ayez dix minutes ou tout un week-end, vous trouverez une id\u00e9e\u2026<\/p>\n","protected":false},"author":13,"featured_media":0,"parent":0,"menu_order":0,"comment_status":"closed","ping_status":"closed","template":"","meta":{"rank_math_focus_keyword":"","rank_math_title":"DoubleTake D\u00e9cor \u2013 Id\u00e9es d\u00e9co, DIY et astuces pour r\u00e9nover votre int\u00e9rieur","rank_math_description":"Des id\u00e9es d\u00e9co pratiques et bienveillantes, des guides DIY et des conseils jardinage pour donner \u00e0 chaque pi\u00e8ce un second souffle\u2014\u00e9l\u00e9gant, abordable et durable.","footnotes":""},"class_list":["post-2657","page","type-page","status-publish","hentry","no-post-thumbnail"],"g_custom_schema_json":"","_links":{"self":[{"href":"https:\/\/doubletakedecor.com\/fr\/wp-json\/wp\/v2\/pages\/2657","targetHints":{"allow":["GET"]}}],"collection":[{"href":"https:\/\/doubletakedecor.com\/fr\/wp-json\/wp\/v2\/pages"}],"about":[{"href":"https:\/\/doubletakedecor.com\/fr\/wp-json\/wp\/v2\/types\/page"}],"author":[{"embeddable":true,"href":"https:\/\/doubletakedecor.com\/fr\/wp-json\/wp\/v2\/users\/13"}],"replies":[{"embeddable":true,"href":"https:\/\/doubletakedecor.com\/fr\/wp-json\/wp\/v2\/comments?post=2657"}],"version-history":[{"count":2,"href":"https:\/\/doubletakedecor.com\/fr\/wp-json\/wp\/v2\/pages\/2657\/revisions"}],"predecessor-version":[{"id":2756,"href":"https:\/\/doubletakedecor.com\/fr\/wp-json\/wp\/v2\/pages\/2657\/revisions\/2756"}],"wp:attachment":[{"href":"https:\/\/doubletakedecor.com\/fr\/wp-json\/wp\/v2\/media?parent=2657"}],"curies":[{"name":"wp","href":"https:\/\/api.w.org\/{rel}","templated":true}]}}