{"id":2683,"date":"2025-05-22T13:46:23","date_gmt":"2025-05-22T11:46:23","guid":{"rendered":"https:\/\/doubletakedecor.com\/contact-us\/"},"modified":"2025-07-20T22:05:21","modified_gmt":"2025-07-20T20:05:21","slug":"contactez-nous","status":"publish","type":"page","link":"https:\/\/doubletakedecor.com\/fr\/contactez-nous\/","title":{"rendered":"Contactez-nous"},"content":{"rendered":"<p class=\"lead\">Tu as une question, une id\u00e9e de collaboration ou simplement envie de nous dire bonjour&nbsp;? Nous serions ravis de te lire.<\/p>\n<div style=\"height:50px;\"><\/div>\n[fluentform id=\u00a0\u00bb3&Prime;]\n<div style=\"height:50px;\"><\/div>\n<section class=\"contact-emails\">\n<p>Demandes g\u00e9n\u00e9rales&nbsp;: <a href=\"mailto:hello@doubletakedecor.com\">hello@doubletakedecor.com<\/a><\/p>\n<p>Support&nbsp;: <a href=\"mailto:support@doubletakedecor.com\">support@doubletakedecor.com<\/a><\/p>\n<p>\u00c9quipe \u00e9ditoriale&nbsp;: <a href=\"mailto:editors@doubletakedecor.com\">editors@doubletakedecor.com<\/a><\/p>\n<\/section>\n","protected":false},"excerpt":{"rendered":"<p>Tu as une question, une id\u00e9e de collaboration ou simplement envie de nous dire bonjour&nbsp;? Nous serions ravis de te lire. [fluentform id=\u00a0\u00bb3&Prime;] Demandes g\u00e9n\u00e9rales&nbsp;: hello@doubletakedecor.com Support&nbsp;: support@doubletakedecor.com \u00c9quipe \u00e9ditoriale&nbsp;: editors@doubletakedecor.com<\/p>\n","protected":false},"author":13,"featured_media":0,"parent":0,"menu_order":0,"comment_status":"closed","ping_status":"closed","template":"","meta":{"rank_math_focus_keyword":"","rank_math_title":"Contact \u2013 DoubleTake D\u00e9cor &amp; demandes","rank_math_description":"Une question, une id\u00e9e de collaboration ou une demande presse ? Contactez-nous \u2013 l\u2019\u00e9quipe de DoubleTake D\u00e9cor est l\u00e0 pour vous aider \u00e0 transformer vos espaces.","footnotes":""},"class_list":["post-2683","page","type-page","status-publish","hentry","no-post-thumbnail"],"g_custom_schema_json":"","_links":{"self":[{"href":"https:\/\/doubletakedecor.com\/fr\/wp-json\/wp\/v2\/pages\/2683","targetHints":{"allow":["GET"]}}],"collection":[{"href":"https:\/\/doubletakedecor.com\/fr\/wp-json\/wp\/v2\/pages"}],"about":[{"href":"https:\/\/doubletakedecor.com\/fr\/wp-json\/wp\/v2\/types\/page"}],"author":[{"embeddable":true,"href":"https:\/\/doubletakedecor.com\/fr\/wp-json\/wp\/v2\/users\/13"}],"replies":[{"embeddable":true,"href":"https:\/\/doubletakedecor.com\/fr\/wp-json\/wp\/v2\/comments?post=2683"}],"version-history":[{"count":2,"href":"https:\/\/doubletakedecor.com\/fr\/wp-json\/wp\/v2\/pages\/2683\/revisions"}],"predecessor-version":[{"id":2685,"href":"https:\/\/doubletakedecor.com\/fr\/wp-json\/wp\/v2\/pages\/2683\/revisions\/2685"}],"wp:attachment":[{"href":"https:\/\/doubletakedecor.com\/fr\/wp-json\/wp\/v2\/media?parent=2683"}],"curies":[{"name":"wp","href":"https:\/\/api.w.org\/{rel}","templated":true}]}}