{"id":2698,"date":"2025-07-20T01:24:46","date_gmt":"2025-07-19T23:24:46","guid":{"rendered":"https:\/\/doubletakedecor.com\/subscribe\/"},"modified":"2025-07-20T22:11:25","modified_gmt":"2025-07-20T20:11:25","slug":"sabonner","status":"publish","type":"page","link":"https:\/\/doubletakedecor.com\/fr\/sabonner\/","title":{"rendered":"S\u2019abonner"},"content":{"rendered":"[SUBSCRIBE FORM]\n","protected":false},"excerpt":{"rendered":"<p>[SUBSCRIBE FORM]<\/p>\n","protected":false},"author":13,"featured_media":0,"parent":0,"menu_order":0,"comment_status":"closed","ping_status":"closed","template":"","meta":{"rank_math_focus_keyword":"","rank_math_title":"S\u2019abonner \u2013 Newsletter d\u2019id\u00e9es d\u00e9co ","rank_math_description":"Inscrivez-vous \u00e0 la newsletter Second Look de DoubleTake D\u00e9cor pour recevoir des id\u00e9es d\u00e9co, des listes DIY et des invitations exclusives \u2013 rafra\u00eechissez votre int\u00e9rieur d\u00e8s aujourd\u2019hui.","footnotes":""},"class_list":["post-2698","page","type-page","status-publish","hentry","no-post-thumbnail"],"g_custom_schema_json":"","_links":{"self":[{"href":"https:\/\/doubletakedecor.com\/fr\/wp-json\/wp\/v2\/pages\/2698","targetHints":{"allow":["GET"]}}],"collection":[{"href":"https:\/\/doubletakedecor.com\/fr\/wp-json\/wp\/v2\/pages"}],"about":[{"href":"https:\/\/doubletakedecor.com\/fr\/wp-json\/wp\/v2\/types\/page"}],"author":[{"embeddable":true,"href":"https:\/\/doubletakedecor.com\/fr\/wp-json\/wp\/v2\/users\/13"}],"replies":[{"embeddable":true,"href":"https:\/\/doubletakedecor.com\/fr\/wp-json\/wp\/v2\/comments?post=2698"}],"version-history":[{"count":2,"href":"https:\/\/doubletakedecor.com\/fr\/wp-json\/wp\/v2\/pages\/2698\/revisions"}],"predecessor-version":[{"id":2704,"href":"https:\/\/doubletakedecor.com\/fr\/wp-json\/wp\/v2\/pages\/2698\/revisions\/2704"}],"wp:attachment":[{"href":"https:\/\/doubletakedecor.com\/fr\/wp-json\/wp\/v2\/media?parent=2698"}],"curies":[{"name":"wp","href":"https:\/\/api.w.org\/{rel}","templated":true}]}}