{"id":2734,"date":"2025-07-20T00:54:31","date_gmt":"2025-07-19T22:54:31","guid":{"rendered":"https:\/\/doubletakedecor.com\/terms-of-use\/"},"modified":"2025-07-20T14:02:52","modified_gmt":"2025-07-20T12:02:52","slug":"conditions-dutilisation","status":"publish","type":"page","link":"https:\/\/doubletakedecor.com\/fr\/conditions-dutilisation\/","title":{"rendered":"Conditions d\u2019utilisation"},"content":{"rendered":"<p>Les pr\u00e9sentes Conditions r\u00e9gissent ton acc\u00e8s et ton utilisation de l&rsquo;ensemble du contenu, des produits et services disponibles sur le site https:\/\/doubletakedecor.com (le \u00ab Service \u00bb) exploit\u00e9 par DoubleTake D\u00e9cor (\u00ab nous \u00bb, \u00ab notre \u00bb, ou \u00ab nos \u00bb).<\/p>\n<p>Ton acc\u00e8s \u00e0 nos services est soumis \u00e0 ton acceptation, sans modification, de l\u2019int\u00e9gralit\u00e9 des termes et conditions \u00e9nonc\u00e9s ici ainsi que de toutes les autres r\u00e8gles et politiques d\u2019exploitation publi\u00e9es et susceptibles d\u2019\u00eatre publi\u00e9es ponctuellement par nos soins.<\/p>\n<p>Nous te prions de lire attentivement le pr\u00e9sent Accord avant d\u2019acc\u00e9der \u00e0 nos Services ou de les utiliser. En acc\u00e9dant \u00e0 nos Services ou en utilisant une quelconque partie de ceux-ci, tu acceptes d\u2019\u00eatre li\u00e9 par ces Conditions. Si tu n\u2019acceptes pas une partie quelconque des termes de l\u2019Accord, tu ne peux pas acc\u00e9der \u00e0 nos Services ni les utiliser.<\/p>\n<h2>Propri\u00e9t\u00e9 intellectuelle<\/h2>\n<p>L\u2019Accord ne transf\u00e8re, de notre part \u00e0 la tienne, aucun droit de propri\u00e9t\u00e9 intellectuelle nous appartenant ou appartenant \u00e0 une tierce partie, et tous les droits, titres et int\u00e9r\u00eats relatifs \u00e0 ces biens demeureront (entre les parties) uniquement la propri\u00e9t\u00e9 de DoubleTake D\u00e9cor et de ses conc\u00e9dants.<\/p>\n<h3>Services de tiers<\/h3>\n<p>En utilisant les Services, tu peux recourir \u00e0 des services, produits, logiciels, int\u00e9grations ou applications d\u00e9velopp\u00e9s par un tiers (\u00ab Services de tiers \u00bb).<\/p>\n<p>Si tu utilises des Services de tiers, tu comprends que :<\/p>\n<ul>\n<li>Toute utilisation d\u2019un Service de tiers se fait \u00e0 tes propres risques, et nous ne saurions \u00eatre tenus responsables ou redevables envers qui que ce soit pour les sites web ou services de tiers.<\/li>\n<li>Tu reconnais et acceptes que nous ne saurions en aucun cas \u00eatre responsables de tout dommage ou perte caus\u00e9 ou pr\u00e9tendument caus\u00e9 par ou en relation avec l\u2019utilisation de tout contenu, bien ou service disponible sur ou via de tels sites ou services tiers.<\/li>\n<\/ul>\n<h2>Comptes<\/h2>\n<p>Lorsque l\u2019utilisation d\u2019une partie de nos Services n\u00e9cessite la cr\u00e9ation d\u2019un compte, tu t\u2019engages \u00e0 nous fournir des informations compl\u00e8tes et exactes lors de ton inscription.<\/p>\n<p>Tu assumeras l\u2019enti\u00e8re responsabilit\u00e9 de toute activit\u00e9 ayant lieu sous ton compte. Tu es responsable de la mise \u00e0 jour des informations de ton compte ainsi que de la s\u00e9curit\u00e9 de ton mot de passe.<\/p>\n<p>Tu es responsable de la s\u00e9curit\u00e9 du compte que tu utilises pour acc\u00e9der au Service. Tu ne dois pas partager ni d\u00e9tourner tes identifiants d\u2019acc\u00e8s. Tu dois nous informer imm\u00e9diatement de toute utilisation non autoris\u00e9e de ton compte ou de toute autre faille de s\u00e9curit\u00e9 dont tu aurais connaissance.<\/p>\n<h2>R\u00e9siliation<\/h2>\n<p>Nous pouvons mettre fin ou suspendre ton acc\u00e8s \u00e0 tout ou partie de nos Services \u00e0 tout moment, avec ou sans motif, avec ou sans pr\u00e9avis, et ce, avec effet imm\u00e9diat.<\/p>\n<p>Si tu souhaites r\u00e9silier le pr\u00e9sent Accord ou ton compte DoubleTake D\u00e9cor, tu peux simplement cesser d\u2019utiliser nos Services.<\/p>\n<p>Toutes les dispositions de l\u2019Accord qui, de par leur nature, doivent survivre \u00e0 la r\u00e9siliation survivront \u00e0 celle-ci, y compris, sans limitation, les dispositions relatives \u00e0 la propri\u00e9t\u00e9, aux exclusions de garantie, \u00e0 l\u2019indemnisation et aux limitations de responsabilit\u00e9.<\/p>\n<h2>Clause de non-responsabilit\u00e9<\/h2>\n<p>Nos Services sont fournis \u00ab EN L\u2019\u00c9TAT \u00bb et \u00ab SELON DISPONIBILIT\u00c9 \u00bb. DoubleTake D\u00e9cor ainsi que ses fournisseurs et conc\u00e9dants d\u00e9clinent express\u00e9ment toute garantie de quelque nature que ce soit, expresse ou implicite, y compris, sans limitation, les garanties de qualit\u00e9 marchande, d\u2019ad\u00e9quation \u00e0 un usage particulier et d\u2019absence de contrefa\u00e7on. Ni DoubleTake D\u00e9cor, ni ses fournisseurs, ni ses conc\u00e9dants ne garantissent que nos Services seront exempts d\u2019erreurs ou que l\u2019acc\u00e8s \u00e0 ceux-ci sera ininterrompu ou continu. Tu comprends que tu t\u00e9l\u00e9charges ou obtiens du contenu ou des services via nos Services \u00e0 ta propre discr\u00e9tion et \u00e0 tes risques.<\/p>\n<h3>Juridiction et droit applicable<\/h3>\n<p>Sauf si la loi applicable en dispose autrement, le pr\u00e9sent Accord ainsi que tout acc\u00e8s ou utilisation de nos Services seront r\u00e9gis par les lois des \u00c9tats-Unis.<\/p>\n<p>Tout litige d\u00e9coulant de ou relatif au pr\u00e9sent Accord ou \u00e0 tout acc\u00e8s ou utilisation de nos Services sera port\u00e9 devant les tribunaux comp\u00e9tents d\u2019\u00c9tat ou f\u00e9d\u00e9raux situ\u00e9s aux \u00c9tats-Unis.<\/p>\n<h2>Modifications<\/h2>\n<p>DoubleTake D\u00e9cor se r\u00e9serve le droit, \u00e0 sa seule discr\u00e9tion, de modifier ou de remplacer \u00e0 tout moment les pr\u00e9sentes Conditions.<\/p>\n<p>Si nous apportons des modifications importantes, nous t\u2019en informerons en les publiant sur notre site Web ou en t\u2019envoyant un e-mail ou toute autre communication avant que les changements ne prennent effet. L\u2019avis pr\u00e9cisera un d\u00e9lai raisonnable \u00e0 l\u2019issue duquel les nouveaux termes entreront en vigueur.<\/p>\n<p>Si tu n\u2019es pas d\u2019accord avec nos modifications, tu dois cesser d\u2019utiliser nos Services dans le d\u00e9lai de pr\u00e9avis sp\u00e9cifi\u00e9 ou d\u00e8s que les changements deviennent effectifs.<\/p>\n<p>La poursuite de ton utilisation de nos Services sera soumise aux nouveaux termes.<\/p>\n","protected":false},"excerpt":{"rendered":"<p>Les pr\u00e9sentes Conditions r\u00e9gissent ton acc\u00e8s et ton utilisation de l&rsquo;ensemble du contenu, des produits et services disponibles sur le site https:\/\/doubletakedecor.com (le \u00ab Service \u00bb) exploit\u00e9 par DoubleTake D\u00e9cor (\u00ab nous \u00bb, \u00ab notre \u00bb, ou \u00ab nos \u00bb). Ton acc\u00e8s \u00e0 nos services est soumis \u00e0 ton acceptation, sans modification, de l\u2019int\u00e9gralit\u00e9 des termes et conditions \u00e9nonc\u00e9s ici\u2026<\/p>\n","protected":false},"author":13,"featured_media":0,"parent":0,"menu_order":0,"comment_status":"closed","ping_status":"closed","template":"","meta":{"rank_math_focus_keyword":"","rank_math_title":"","rank_math_description":"","footnotes":""},"class_list":["post-2734","page","type-page","status-publish","hentry","no-post-thumbnail"],"g_custom_schema_json":"","_links":{"self":[{"href":"https:\/\/doubletakedecor.com\/fr\/wp-json\/wp\/v2\/pages\/2734","targetHints":{"allow":["GET"]}}],"collection":[{"href":"https:\/\/doubletakedecor.com\/fr\/wp-json\/wp\/v2\/pages"}],"about":[{"href":"https:\/\/doubletakedecor.com\/fr\/wp-json\/wp\/v2\/types\/page"}],"author":[{"embeddable":true,"href":"https:\/\/doubletakedecor.com\/fr\/wp-json\/wp\/v2\/users\/13"}],"replies":[{"embeddable":true,"href":"https:\/\/doubletakedecor.com\/fr\/wp-json\/wp\/v2\/comments?post=2734"}],"version-history":[{"count":2,"href":"https:\/\/doubletakedecor.com\/fr\/wp-json\/wp\/v2\/pages\/2734\/revisions"}],"predecessor-version":[{"id":2746,"href":"https:\/\/doubletakedecor.com\/fr\/wp-json\/wp\/v2\/pages\/2734\/revisions\/2746"}],"wp:attachment":[{"href":"https:\/\/doubletakedecor.com\/fr\/wp-json\/wp\/v2\/media?parent=2734"}],"curies":[{"name":"wp","href":"https:\/\/api.w.org\/{rel}","templated":true}]}}