{"id":2647,"date":"2025-07-19T14:37:08","date_gmt":"2025-07-19T12:37:08","guid":{"rendered":"https:\/\/doubletakedecor.com\/honlap\/"},"modified":"2025-07-20T22:08:55","modified_gmt":"2025-07-20T20:08:55","slug":"honlap","status":"publish","type":"page","link":"https:\/\/doubletakedecor.com\/hu\/","title":{"rendered":"Honlap"},"content":{"rendered":"<div id=\"cs-content\" class=\"cs-content\"><\/div>\n","protected":false},"excerpt":{"rendered":"<p>Adj minden helyis\u00e9gnek egy m\u00e1sodik es\u00e9lyt! Gyakorlati \u00f6tletek, id\u0151tlen st\u00edlus \u00e9s DIY magabiztoss\u00e1g \u2013 frissen t\u00e1lalva val\u00f3di otthonokhoz.Kezdd el a helyis\u00e9ged felfriss\u00edt\u00e9s\u00e9tIratkozz fel ingyenes h\u00edrlevel\u00fcnkreFriss a magazinban Fedezd fel leg\u00fajabb \u00fatmutat\u00f3inkat, \u00e1talak\u00edt\u00e1sainkat \u00e9s st\u00edlusm\u00e9lys\u00e9geinket. Ak\u00e1r t\u00edz perced van, ak\u00e1r egy eg\u00e9sz h\u00e9tv\u00e9g\u00e9d, biztosan tal\u00e1lsz egy kipr\u00f3b\u00e1l\u00e1sra \u00e9rdemes \u00f6tletet.okt. 03, 2025 &#8211; K\u00fclt\u00e9ri dekor\u00e1ci\u00f3k Innovat\u00edv napelemes vil\u00e1g\u00edt\u00e1si \u00f6tletek a k\u00fclt\u00e9ri teredhezokt.&hellip;<\/p>\n","protected":false},"author":12,"featured_media":0,"parent":0,"menu_order":0,"comment_status":"closed","ping_status":"closed","template":"","meta":{"rank_math_focus_keyword":"","rank_math_title":"DoubleTake D\u00e9cor \u2013 Lakberendez\u00e9si \u00f6tletek, DIY \u00e9s tippek otthonfriss\u00edt\u00e9shez  ","rank_math_description":"Gyakorlati, \u00e9letkort t\u00e1mogat\u00f3 lakberendez\u00e9si \u00f6tletek, DIY \u00fatmutat\u00f3k \u00e9s kert\u00e9szeti tippek \u2013 hogy minden helyis\u00e9g \u00faj es\u00e9lyt kapjon: st\u00edlusos, megfizethet\u0151 \u00e9s fenntarthat\u00f3 m\u00f3don.\n","footnotes":""},"class_list":["post-2647","page","type-page","status-publish","hentry","no-post-thumbnail"],"g_custom_schema_json":"","_links":{"self":[{"href":"https:\/\/doubletakedecor.com\/hu\/wp-json\/wp\/v2\/pages\/2647","targetHints":{"allow":["GET"]}}],"collection":[{"href":"https:\/\/doubletakedecor.com\/hu\/wp-json\/wp\/v2\/pages"}],"about":[{"href":"https:\/\/doubletakedecor.com\/hu\/wp-json\/wp\/v2\/types\/page"}],"author":[{"embeddable":true,"href":"https:\/\/doubletakedecor.com\/hu\/wp-json\/wp\/v2\/users\/12"}],"replies":[{"embeddable":true,"href":"https:\/\/doubletakedecor.com\/hu\/wp-json\/wp\/v2\/comments?post=2647"}],"version-history":[{"count":6,"href":"https:\/\/doubletakedecor.com\/hu\/wp-json\/wp\/v2\/pages\/2647\/revisions"}],"predecessor-version":[{"id":2758,"href":"https:\/\/doubletakedecor.com\/hu\/wp-json\/wp\/v2\/pages\/2647\/revisions\/2758"}],"wp:attachment":[{"href":"https:\/\/doubletakedecor.com\/hu\/wp-json\/wp\/v2\/media?parent=2647"}],"curies":[{"name":"wp","href":"https:\/\/api.w.org\/{rel}","templated":true}]}}