{"id":2687,"date":"2025-05-22T13:46:23","date_gmt":"2025-05-22T11:46:23","guid":{"rendered":"https:\/\/doubletakedecor.com\/contact-us\/"},"modified":"2025-07-20T22:06:09","modified_gmt":"2025-07-20T20:06:09","slug":"kapcsolat","status":"publish","type":"page","link":"https:\/\/doubletakedecor.com\/hu\/kapcsolat\/","title":{"rendered":"Kapcsolat"},"content":{"rendered":"<p class=\"lead\">Van k\u00e9rd\u00e9sed, egy\u00fcttm\u0171k\u00f6d\u00e9si \u00f6tleted, vagy csak szeretn\u00e9l \u00fcdv\u00f6z\u00f6lni minket? \u00d6r\u00f6mmel vessz\u00fck a megkeres\u00e9sed.<\/p>\n<div style=\"height:50px;\"><\/div>\n[fluentform id=&#8221;3&#8243;]\n<div style=\"height:50px;\"><\/div>\n<section class=\"contact-emails\">\n<p>\u00c1ltal\u00e1nos \u00e9rdekl\u0151d\u00e9s: <a href=\"mailto:hello@doubletakedecor.com\">hello@doubletakedecor.com<\/a><\/p>\n<p>\u00dcgyf\u00e9lszolg\u00e1lat: <a href=\"mailto:support@doubletakedecor.com\">support@doubletakedecor.com<\/a><\/p>\n<p>Szerkeszt\u0151s\u00e9g: <a href=\"mailto:editors@doubletakedecor.com\">editors@doubletakedecor.com<\/a><\/p>\n<\/section>\n","protected":false},"excerpt":{"rendered":"<p>Van k\u00e9rd\u00e9sed, egy\u00fcttm\u0171k\u00f6d\u00e9si \u00f6tleted, vagy csak szeretn\u00e9l \u00fcdv\u00f6z\u00f6lni minket? \u00d6r\u00f6mmel vessz\u00fck a megkeres\u00e9sed. [fluentform id=&#8221;3&#8243;] \u00c1ltal\u00e1nos \u00e9rdekl\u0151d\u00e9s: hello@doubletakedecor.com \u00dcgyf\u00e9lszolg\u00e1lat: support@doubletakedecor.com Szerkeszt\u0151s\u00e9g: editors@doubletakedecor.com<\/p>\n","protected":false},"author":12,"featured_media":0,"parent":0,"menu_order":0,"comment_status":"closed","ping_status":"closed","template":"","meta":{"rank_math_focus_keyword":"","rank_math_title":"Kapcsolatfelv\u00e9tel a DoubleTake D\u00e9cor csapat\u00e1val \u2013 Lakberendez\u00e9si k\u00e9rd\u00e9sek","rank_math_description":"K\u00e9rd\u00e9sed van, egy\u00fcttm\u0171k\u00f6dn\u00e9l vagy sajt\u00f3kapcsolatot keresel? Vedd fel vel\u00fcnk a kapcsolatot \u2013 csapatunk seg\u00edt \u00fajragondolni tereidet nagyszer\u0171 \u00f6tletekkel.","footnotes":""},"class_list":["post-2687","page","type-page","status-publish","hentry","no-post-thumbnail"],"g_custom_schema_json":"","_links":{"self":[{"href":"https:\/\/doubletakedecor.com\/hu\/wp-json\/wp\/v2\/pages\/2687","targetHints":{"allow":["GET"]}}],"collection":[{"href":"https:\/\/doubletakedecor.com\/hu\/wp-json\/wp\/v2\/pages"}],"about":[{"href":"https:\/\/doubletakedecor.com\/hu\/wp-json\/wp\/v2\/types\/page"}],"author":[{"embeddable":true,"href":"https:\/\/doubletakedecor.com\/hu\/wp-json\/wp\/v2\/users\/12"}],"replies":[{"embeddable":true,"href":"https:\/\/doubletakedecor.com\/hu\/wp-json\/wp\/v2\/comments?post=2687"}],"version-history":[{"count":2,"href":"https:\/\/doubletakedecor.com\/hu\/wp-json\/wp\/v2\/pages\/2687\/revisions"}],"predecessor-version":[{"id":2693,"href":"https:\/\/doubletakedecor.com\/hu\/wp-json\/wp\/v2\/pages\/2687\/revisions\/2693"}],"wp:attachment":[{"href":"https:\/\/doubletakedecor.com\/hu\/wp-json\/wp\/v2\/media?parent=2687"}],"curies":[{"name":"wp","href":"https:\/\/api.w.org\/{rel}","templated":true}]}}