{"id":2700,"date":"2025-07-20T01:24:46","date_gmt":"2025-07-19T23:24:46","guid":{"rendered":"https:\/\/doubletakedecor.com\/subscribe\/"},"modified":"2025-07-20T22:12:15","modified_gmt":"2025-07-20T20:12:15","slug":"feliratkozas","status":"publish","type":"page","link":"https:\/\/doubletakedecor.com\/hu\/feliratkozas\/","title":{"rendered":"Feliratkoz\u00e1s"},"content":{"rendered":"[SUBSCRIBE FORM]\n","protected":false},"excerpt":{"rendered":"<p>[SUBSCRIBE FORM]<\/p>\n","protected":false},"author":12,"featured_media":0,"parent":0,"menu_order":0,"comment_status":"closed","ping_status":"closed","template":"","meta":{"rank_math_focus_keyword":"","rank_math_title":"Feliratkoz\u00e1s \u2013 Lakberendez\u00e9si h\u00edrlev\u00e9l ","rank_math_description":"Csatlakozz a DoubleTake D\u00e9cor Second Look h\u00edrlevel\u00e9hez friss \u00f6tletek\u00e9rt, DIY list\u00e1k\u00e9rt \u00e9s korai workshop megh\u00edv\u00f3k\u00e9rt \u2013 friss\u00edtsd fel az otthonod m\u00e9g ma!\n","footnotes":""},"class_list":["post-2700","page","type-page","status-publish","hentry","no-post-thumbnail"],"g_custom_schema_json":"","_links":{"self":[{"href":"https:\/\/doubletakedecor.com\/hu\/wp-json\/wp\/v2\/pages\/2700","targetHints":{"allow":["GET"]}}],"collection":[{"href":"https:\/\/doubletakedecor.com\/hu\/wp-json\/wp\/v2\/pages"}],"about":[{"href":"https:\/\/doubletakedecor.com\/hu\/wp-json\/wp\/v2\/types\/page"}],"author":[{"embeddable":true,"href":"https:\/\/doubletakedecor.com\/hu\/wp-json\/wp\/v2\/users\/12"}],"replies":[{"embeddable":true,"href":"https:\/\/doubletakedecor.com\/hu\/wp-json\/wp\/v2\/comments?post=2700"}],"version-history":[{"count":2,"href":"https:\/\/doubletakedecor.com\/hu\/wp-json\/wp\/v2\/pages\/2700\/revisions"}],"predecessor-version":[{"id":2754,"href":"https:\/\/doubletakedecor.com\/hu\/wp-json\/wp\/v2\/pages\/2700\/revisions\/2754"}],"wp:attachment":[{"href":"https:\/\/doubletakedecor.com\/hu\/wp-json\/wp\/v2\/media?parent=2700"}],"curies":[{"name":"wp","href":"https:\/\/api.w.org\/{rel}","templated":true}]}}