{"id":2649,"date":"2025-07-19T14:37:08","date_gmt":"2025-07-19T12:37:08","guid":{"rendered":"https:\/\/doubletakedecor.com\/domovska-stranka\/"},"modified":"2025-07-20T22:10:30","modified_gmt":"2025-07-20T20:10:30","slug":"domovska-stranka","status":"publish","type":"page","link":"https:\/\/doubletakedecor.com\/sk\/","title":{"rendered":"Domovsk\u00e1 str\u00e1nka"},"content":{"rendered":"<div id=\"cs-content\" class=\"cs-content\"><\/div>\n","protected":false},"excerpt":{"rendered":"<p>Dodajte ka\u017edej miestnosti druh\u00fd poh\u013ead. Praktick\u00e9 n\u00e1pady, nad\u010dasov\u00fd \u0161t\u00fdl a sebavedomie v oblasti DIY \u2013 pod\u00e1van\u00e9 \u010derstvo pre skuto\u010dn\u00e9 domovy.Za\u010dni s osvie\u017een\u00edm svojej miestnostiPrihl\u00e1si\u0165 sa na odber n\u00e1\u0161ho bezplatn\u00e9ho newslettra\u010cerstv\u00e9 z denn\u00edka Presk\u00famaj na\u0161e najnov\u0161ie n\u00e1vody, premenu miestnost\u00ed a \u0161t\u00fdlov\u00e9 hlbok\u00e9 ponory. \u010ci u\u017e m\u00e1\u0161 desa\u0165 min\u00fat alebo cel\u00fd v\u00edkend, n\u00e1jde\u0161 n\u00e1pad, ktor\u00fd stoj\u00ed za vysk\u00fa\u0161anie.okt. 03, 2025 &#8211; Vonkaj\u0161ie&hellip;<\/p>\n","protected":false},"author":14,"featured_media":0,"parent":0,"menu_order":0,"comment_status":"closed","ping_status":"closed","template":"","meta":{"rank_math_focus_keyword":"","rank_math_title":"DoubleTake D\u00e9cor \u2013 N\u00e1pady na dekor\u00e1cie, DIY a tipy na osvie\u017eenie miestnost\u00ed","rank_math_description":"Praktick\u00e9, vekovo pozit\u00edvne n\u00e1pady na dekorovanie domova, DIY n\u00e1vody a z\u00e1hradn\u00edcke rady \u2013 pom\u00f4\u017eeme v\u00e1m pozrie\u0165 sa na ka\u017ed\u00fd priestor nov\u00fdm poh\u013eadom: \u0161t\u00fdlovo, dostupne a udr\u017eate\u013ene.","footnotes":""},"class_list":["post-2649","page","type-page","status-publish","hentry","no-post-thumbnail"],"g_custom_schema_json":"","_links":{"self":[{"href":"https:\/\/doubletakedecor.com\/sk\/wp-json\/wp\/v2\/pages\/2649","targetHints":{"allow":["GET"]}}],"collection":[{"href":"https:\/\/doubletakedecor.com\/sk\/wp-json\/wp\/v2\/pages"}],"about":[{"href":"https:\/\/doubletakedecor.com\/sk\/wp-json\/wp\/v2\/types\/page"}],"author":[{"embeddable":true,"href":"https:\/\/doubletakedecor.com\/sk\/wp-json\/wp\/v2\/users\/14"}],"replies":[{"embeddable":true,"href":"https:\/\/doubletakedecor.com\/sk\/wp-json\/wp\/v2\/comments?post=2649"}],"version-history":[{"count":2,"href":"https:\/\/doubletakedecor.com\/sk\/wp-json\/wp\/v2\/pages\/2649\/revisions"}],"predecessor-version":[{"id":2759,"href":"https:\/\/doubletakedecor.com\/sk\/wp-json\/wp\/v2\/pages\/2649\/revisions\/2759"}],"wp:attachment":[{"href":"https:\/\/doubletakedecor.com\/sk\/wp-json\/wp\/v2\/media?parent=2649"}],"curies":[{"name":"wp","href":"https:\/\/api.w.org\/{rel}","templated":true}]}}