{"id":2688,"date":"2025-05-22T13:46:23","date_gmt":"2025-05-22T11:46:23","guid":{"rendered":"https:\/\/doubletakedecor.com\/contact-us\/"},"modified":"2025-07-20T22:06:32","modified_gmt":"2025-07-20T20:06:32","slug":"kontaktujte-nas","status":"publish","type":"page","link":"https:\/\/doubletakedecor.com\/sk\/kontaktujte-nas\/","title":{"rendered":"Kontaktujte n\u00e1s"},"content":{"rendered":"<p class=\"lead\">M\u00e1\u0161 ot\u00e1zku, n\u00e1pad na spolupr\u00e1cu alebo n\u00e1m chce\u0161 jednoducho nap\u00edsa\u0165? Ve\u013emi radi o tebe po\u010dujeme.<\/p>\n<div style=\"height:50px;\"><\/div>\n[fluentform id=&#8220;3&#8243;]\n<div style=\"height:50px;\"><\/div>\n<section class=\"contact-emails\">\n<p>V\u0161eobecn\u00e9 ot\u00e1zky: <a href=\"mailto:hello@doubletakedecor.com\">hello@doubletakedecor.com<\/a><\/p>\n<p>Podpora: <a href=\"mailto:support@doubletakedecor.com\">support@doubletakedecor.com<\/a><\/p>\n<p>Redak\u010dn\u00fd t\u00edm: <a href=\"mailto:editors@doubletakedecor.com\">editors@doubletakedecor.com<\/a><\/p>\n<\/section>\n","protected":false},"excerpt":{"rendered":"<p>M\u00e1\u0161 ot\u00e1zku, n\u00e1pad na spolupr\u00e1cu alebo n\u00e1m chce\u0161 jednoducho nap\u00edsa\u0165? Ve\u013emi radi o tebe po\u010dujeme. [fluentform id=&#8220;3&#8243;] V\u0161eobecn\u00e9 ot\u00e1zky: hello@doubletakedecor.com Podpora: support@doubletakedecor.com Redak\u010dn\u00fd t\u00edm: editors@doubletakedecor.com<\/p>\n","protected":false},"author":14,"featured_media":0,"parent":0,"menu_order":0,"comment_status":"closed","ping_status":"closed","template":"","meta":{"rank_math_focus_keyword":"","rank_math_title":"Kontaktujte n\u00e1s \u2013 DoubleTake D\u00e9cor a va\u0161e ot\u00e1zky","rank_math_description":"M\u00e1te ot\u00e1zku, n\u00e1pad na spolupr\u00e1cu alebo medi\u00e1lny dopyt? Ozvite sa t\u00edmu DoubleTake D\u00e9cor \u2013 radi v\u00e1m pom\u00f4\u017eeme osvie\u017ei\u0165 v\u00e1\u0161 priestor.","footnotes":""},"class_list":["post-2688","page","type-page","status-publish","hentry","no-post-thumbnail"],"g_custom_schema_json":"","_links":{"self":[{"href":"https:\/\/doubletakedecor.com\/sk\/wp-json\/wp\/v2\/pages\/2688","targetHints":{"allow":["GET"]}}],"collection":[{"href":"https:\/\/doubletakedecor.com\/sk\/wp-json\/wp\/v2\/pages"}],"about":[{"href":"https:\/\/doubletakedecor.com\/sk\/wp-json\/wp\/v2\/types\/page"}],"author":[{"embeddable":true,"href":"https:\/\/doubletakedecor.com\/sk\/wp-json\/wp\/v2\/users\/14"}],"replies":[{"embeddable":true,"href":"https:\/\/doubletakedecor.com\/sk\/wp-json\/wp\/v2\/comments?post=2688"}],"version-history":[{"count":2,"href":"https:\/\/doubletakedecor.com\/sk\/wp-json\/wp\/v2\/pages\/2688\/revisions"}],"predecessor-version":[{"id":2695,"href":"https:\/\/doubletakedecor.com\/sk\/wp-json\/wp\/v2\/pages\/2688\/revisions\/2695"}],"wp:attachment":[{"href":"https:\/\/doubletakedecor.com\/sk\/wp-json\/wp\/v2\/media?parent=2688"}],"curies":[{"name":"wp","href":"https:\/\/api.w.org\/{rel}","templated":true}]}}