{"id":2701,"date":"2025-07-20T01:24:46","date_gmt":"2025-07-19T23:24:46","guid":{"rendered":"https:\/\/doubletakedecor.com\/subscribe\/"},"modified":"2025-07-20T22:12:58","modified_gmt":"2025-07-20T20:12:58","slug":"prihlasit-sa-na-odber","status":"publish","type":"page","link":"https:\/\/doubletakedecor.com\/sk\/prihlasit-sa-na-odber\/","title":{"rendered":"Prihl\u00e1si\u0165 sa na odber"},"content":{"rendered":"[SUBSCRIBE FORM]\n","protected":false},"excerpt":{"rendered":"<p>[SUBSCRIBE FORM]<\/p>\n","protected":false},"author":14,"featured_media":0,"parent":0,"menu_order":0,"comment_status":"closed","ping_status":"closed","template":"","meta":{"rank_math_focus_keyword":"","rank_math_title":"Prihl\u00e1si\u0165 sa na odber s n\u00e1padmi na dekor\u00e1cie","rank_math_description":"Prihl\u00e1ste sa na odber n\u00e1\u0161ho newslettera Second Look a z\u00edskajte \u010derstv\u00e9 tipy, kontroln\u00e9 zoznamy a prednostn\u00e9 pozv\u00e1nky \u2013 osvie\u017ete si b\u00fdvanie s DoubleTake D\u00e9cor.","footnotes":""},"class_list":["post-2701","page","type-page","status-publish","hentry","no-post-thumbnail"],"g_custom_schema_json":"","_links":{"self":[{"href":"https:\/\/doubletakedecor.com\/sk\/wp-json\/wp\/v2\/pages\/2701","targetHints":{"allow":["GET"]}}],"collection":[{"href":"https:\/\/doubletakedecor.com\/sk\/wp-json\/wp\/v2\/pages"}],"about":[{"href":"https:\/\/doubletakedecor.com\/sk\/wp-json\/wp\/v2\/types\/page"}],"author":[{"embeddable":true,"href":"https:\/\/doubletakedecor.com\/sk\/wp-json\/wp\/v2\/users\/14"}],"replies":[{"embeddable":true,"href":"https:\/\/doubletakedecor.com\/sk\/wp-json\/wp\/v2\/comments?post=2701"}],"version-history":[{"count":2,"href":"https:\/\/doubletakedecor.com\/sk\/wp-json\/wp\/v2\/pages\/2701\/revisions"}],"predecessor-version":[{"id":2710,"href":"https:\/\/doubletakedecor.com\/sk\/wp-json\/wp\/v2\/pages\/2701\/revisions\/2710"}],"wp:attachment":[{"href":"https:\/\/doubletakedecor.com\/sk\/wp-json\/wp\/v2\/media?parent=2701"}],"curies":[{"name":"wp","href":"https:\/\/api.w.org\/{rel}","templated":true}]}}