{"id":2737,"date":"2025-07-20T00:54:31","date_gmt":"2025-07-19T22:54:31","guid":{"rendered":"https:\/\/doubletakedecor.com\/terms-of-use\/"},"modified":"2025-07-20T13:59:36","modified_gmt":"2025-07-20T11:59:36","slug":"podmienky-pouzivania","status":"publish","type":"page","link":"https:\/\/doubletakedecor.com\/sk\/podmienky-pouzivania\/","title":{"rendered":"Podmienky pou\u017e\u00edvania"},"content":{"rendered":"<p>Tieto podmienky upravuj\u00fa tvoj pr\u00edstup ku v\u0161etk\u00e9mu obsahu, produktom a slu\u017eb\u00e1m dostupn\u00fdm na webovej str\u00e1nke https:\/\/doubletakedecor.com (\u010falej len \u201eSlu\u017eba\u201c), ktor\u00fa prev\u00e1dzkuje DoubleTake D\u00e9cor (\u201emy\u201c, \u201en\u00e1s\u201c, \u201ena\u0161e\u201c).<\/p>\n<p>Tvoj pr\u00edstup k na\u0161im slu\u017eb\u00e1m je podmienen\u00fd tvoj\u00edm prijat\u00edm, bez \u00faprav, v\u0161etk\u00fdch podmienok uveden\u00fdch v t\u00fdchto podmienkach, ako aj v\u0161etk\u00fdch ostatn\u00fdch prev\u00e1dzkov\u00fdch pravidiel a z\u00e1sad, ktor\u00e9 zverej\u0148ujeme a m\u00f4\u017eeme pr\u00edle\u017eitostne zverej\u0148ova\u0165.<\/p>\n<p>Pros\u00edm, pre\u010d\u00edtaj si t\u00fato zmluvu pozorne predt\u00fdm, ne\u017e prist\u00fapi\u0161 alebo za\u010dne\u0161 pou\u017e\u00edva\u0165 na\u0161e slu\u017eby. Pr\u00edstupom alebo pou\u017eit\u00edm ktorejko\u013evek \u010dasti na\u0161ich slu\u017eieb s\u00fahlas\u00ed\u0161 s t\u00fdmito podmienkami. Ak nes\u00fahlas\u00ed\u0161 s ktorouko\u013evek \u010das\u0165ou podmienok tejto zmluvy, potom nem\u00f4\u017ee\u0161 pristupova\u0165 k na\u0161im slu\u017eb\u00e1m ani ich pou\u017e\u00edva\u0165.<\/p>\n<h2>Duchovn\u00e9 vlastn\u00edctvo<\/h2>\n<p>T\u00e1to zmluva nepren\u00e1\u0161a z n\u00e1s na teba \u017eiadne z na\u0161ich ani tret\u00edch str\u00e1n du\u0161evn\u00e9 vlastn\u00edctvo, a v\u0161etky pr\u00e1va, vlastn\u00edctvo a z\u00e1ujem na danom vlastn\u00edctve zost\u00e1vaj\u00fa (medzi zmluvn\u00fdmi stranami) v\u00fdlu\u010dne spolo\u010dnosti DoubleTake D\u00e9cor a jej poskytovate\u013eom licenci\u00ed.<\/p>\n<h3>Slu\u017eby tret\u00edch str\u00e1n<\/h3>\n<p>Pri pou\u017e\u00edvan\u00ed na\u0161ich slu\u017eieb m\u00f4\u017ee\u0161 vyu\u017e\u00edva\u0165 slu\u017eby, produkty, softv\u00e9r, integr\u00e1cie alebo aplik\u00e1cie vyvinut\u00e9 tre\u0165ou stranou (\u201eSlu\u017eby tret\u00edch str\u00e1n\u201c).<\/p>\n<p>Ak vyu\u017e\u00edva\u0161 ak\u00e9ko\u013evek slu\u017eby tret\u00edch str\u00e1n, rozumie\u0161, \u017ee:<\/p>\n<ul>\n<li>Pou\u017e\u00edvanie slu\u017eieb tret\u00edch str\u00e1n je na tvoje vlastn\u00e9 riziko a my nenesieme \u017eiadnu zodpovednos\u0165 alebo povinnos\u0165 za webstr\u00e1nky \u010di slu\u017eby tret\u00edch str\u00e1n.<\/li>\n<li>Berie\u0161 na vedomie a s\u00fahlas\u00ed\u0161, \u017ee my nenesieme \u017eiadnu zodpovednos\u0165 za \u0161kodu alebo stratu sp\u00f4soben\u00fa alebo \u00fadajne sp\u00f4soben\u00fa pou\u017e\u00edvan\u00edm ak\u00e9hoko\u013evek tak\u00e9hoto obsahu, tovaru alebo slu\u017eieb, ktor\u00e9 s\u00fa dostupn\u00e9 prostredn\u00edctvom t\u00fdchto str\u00e1nok alebo slu\u017eieb.<\/li>\n<\/ul>\n<h2>\u00da\u010dty<\/h2>\n<p>Pokia\u013e je pre pou\u017e\u00edvanie niektorej \u010dasti na\u0161ich slu\u017eieb potrebn\u00e9 zalo\u017eenie \u00fa\u010dtu, s\u00fahlas\u00ed\u0161, \u017ee n\u00e1m pri registr\u00e1cii poskytne\u0161 \u00fapln\u00e9 a presn\u00e9 inform\u00e1cie.<\/p>\n<p>Za ak\u00fako\u013evek \u010dinnos\u0165, ktor\u00e1 sa uskuto\u010dn\u00ed pod tvoj\u00edm \u00fa\u010dtom, bude\u0161 nies\u0165 v\u00fdlu\u010dn\u00fa zodpovednos\u0165 a ru\u010d\u00ed\u0161 za spr\u00e1vnos\u0165 inform\u00e1ci\u00ed vo svojom \u00fa\u010dte, ako aj za bezpe\u010dnos\u0165 svojho hesla.<\/p>\n<p>Si zodpovedn\u00fd za udr\u017eiavanie bezpe\u010dnosti svojho \u00fa\u010dtu, ktor\u00fd pou\u017e\u00edva\u0161 na pr\u00edstup k slu\u017ebe. Svoje prihlasovacie \u00fadaje nesmie\u0161 zdie\u013ea\u0165 ani zneu\u017e\u00edva\u0165. O akomko\u013evek neopr\u00e1vnenom pou\u017eit\u00ed \u00fa\u010dtu alebo o inom poru\u0161en\u00ed bezpe\u010dnosti n\u00e1s mus\u00ed\u0161 okam\u017eite informova\u0165.<\/p>\n<h2>Ukon\u010denie<\/h2>\n<p>M\u00f4\u017eeme ukon\u010di\u0165 alebo pozastavi\u0165 tvoj pr\u00edstup ku v\u0161etk\u00fdm alebo niektor\u00fdm \u010dastiam na\u0161ich slu\u017eieb kedyko\u013evek, s d\u00f4vodom aj bez d\u00f4vodu, s ozn\u00e1men\u00edm aj bez ozn\u00e1menia, s okam\u017eitou platnos\u0165ou.<\/p>\n<p>Ak si \u017eel\u00e1\u0161 ukon\u010di\u0165 t\u00fato zmluvu alebo svoj \u00fa\u010det DoubleTake D\u00e9cor, m\u00f4\u017ee\u0161 jednoducho presta\u0165 pou\u017e\u00edva\u0165 na\u0161e slu\u017eby.<\/p>\n<p>V\u0161etky ustanovenia tejto zmluvy, ktor\u00e9 zo svojej povahy maj\u00fa pretrva\u0165 ukon\u010denie, zost\u00e1vaj\u00fa v platnosti aj po ukon\u010den\u00ed. T\u00fdka sa to najm\u00e4 ustanoven\u00ed o vlastn\u00edckych pr\u00e1vach, vyl\u00fa\u010den\u00ed z\u00e1ruk, od\u0161kodnen\u00ed a obmedzen\u00ed zodpovednosti.<\/p>\n<h2>Vyl\u00fa\u010denie zodpovednosti<\/h2>\n<p>Na\u0161e slu\u017eby s\u00fa poskytovan\u00e9 \u201eTAK AKO S\u00da\u201c a \u201eAKO S\u00da DOSTUPN\u00c9\u201c. DoubleTake D\u00e9cor ani jej dod\u00e1vatelia a poskytovatelia licenci\u00ed neposkytuj\u00fa \u017eiadne z\u00e1ruky ak\u00e9hoko\u013evek druhu, v\u00fdslovn\u00e9 \u010di implicitn\u00e9, vr\u00e1tane \u2013 ale nie v\u00fdhradne \u2013 z\u00e1ruk obchodovate\u013enosti, vhodnosti na konkr\u00e9tny \u00fa\u010del a neporu\u0161ovania pr\u00e1v. Ani DoubleTake D\u00e9cor, ani jej dod\u00e1vatelia a poskytovatelia licenci\u00ed neposkytuj\u00fa \u017eiadnu z\u00e1ruku, \u017ee na\u0161e slu\u017eby bud\u00fa bez ch\u00fdb alebo \u017ee pr\u00edstup k nim bude nepretr\u017eit\u00fd alebo bez preru\u0161enia. Rozumie\u0161, \u017ee si ak\u00fdko\u013evek obsah alebo slu\u017eby s\u0165ahuje\u0161 alebo inak z\u00edskava\u0161 prostredn\u00edctvom na\u0161ich slu\u017eieb pod\u013ea vlastn\u00e9ho uv\u00e1\u017eenia a na vlastn\u00e9 riziko.<\/p>\n<h3>Pr\u00e1vomoc a rozhodn\u00e9 pr\u00e1vo<\/h3>\n<p>Pokia\u013e pr\u00edslu\u0161n\u00e9 platn\u00e9 predpisy neustanovuj\u00fa inak, t\u00e1to zmluva a ak\u00fdko\u013evek pr\u00edstup k na\u0161im slu\u017eb\u00e1m alebo ich pou\u017eitie sa riadi pr\u00e1vom USA.<\/p>\n<p>Pr\u00edslu\u0161n\u00fdmi s\u00fadmi pre rie\u0161enie ak\u00fdchko\u013evek sporov vypl\u00fdvaj\u00facich z tejto zmluvy alebo z pr\u00edstupu k na\u0161im slu\u017eb\u00e1m \u010di ich pou\u017e\u00edvania s\u00fa \u0161t\u00e1tne a feder\u00e1lne s\u00fady v USA.<\/p>\n<h2>Zmeny<\/h2>\n<p>Spolo\u010dnos\u0165 DoubleTake D\u00e9cor si vyhradzuje pr\u00e1vo pod\u013ea vlastn\u00e9ho uv\u00e1\u017eenia kedyko\u013evek pozmeni\u0165 alebo nahradi\u0165 tieto podmienky.<\/p>\n<p>Ak vykon\u00e1me podstatn\u00e9 zmeny, informujeme \u0165a o tom zverejnen\u00edm na na\u0161ej webovej str\u00e1nke alebo ti za\u0161leme e-mail \u010di in\u00e9 ozn\u00e1menie predt\u00fdm, ne\u017e zmeny nadobudn\u00fa \u00fa\u010dinnos\u0165. V ozn\u00e1men\u00ed bude uveden\u00e1 primeran\u00e1 lehota, po uplynut\u00ed ktorej nov\u00e9 podmienky nadobudn\u00fa \u00fa\u010dinnos\u0165.<\/p>\n<p>Ak nes\u00fahlas\u00ed\u0161 s na\u0161imi zmenami, mal by si presta\u0165 pou\u017e\u00edva\u0165 na\u0161e slu\u017eby v r\u00e1mci ozn\u00e1menej lehoty, alebo ke\u010f zmeny nadobudn\u00fa \u00fa\u010dinnos\u0165.<\/p>\n<p>Tvoje \u010fal\u0161ie pou\u017e\u00edvanie na\u0161ich slu\u017eieb bude podlieha\u0165 nov\u00fdm podmienkam.<\/p>\n","protected":false},"excerpt":{"rendered":"<p>Tieto podmienky upravuj\u00fa tvoj pr\u00edstup ku v\u0161etk\u00e9mu obsahu, produktom a slu\u017eb\u00e1m dostupn\u00fdm na webovej str\u00e1nke https:\/\/doubletakedecor.com (\u010falej len \u201eSlu\u017eba\u201c), ktor\u00fa prev\u00e1dzkuje DoubleTake D\u00e9cor (\u201emy\u201c, \u201en\u00e1s\u201c, \u201ena\u0161e\u201c). Tvoj pr\u00edstup k na\u0161im slu\u017eb\u00e1m je podmienen\u00fd tvoj\u00edm prijat\u00edm, bez \u00faprav, v\u0161etk\u00fdch podmienok uveden\u00fdch v t\u00fdchto podmienkach, ako aj v\u0161etk\u00fdch ostatn\u00fdch prev\u00e1dzkov\u00fdch pravidiel a z\u00e1sad, ktor\u00e9 zverej\u0148ujeme a m\u00f4\u017eeme pr\u00edle\u017eitostne zverej\u0148ova\u0165. Pros\u00edm, pre\u010d\u00edtaj si&hellip;<\/p>\n","protected":false},"author":14,"featured_media":0,"parent":0,"menu_order":0,"comment_status":"closed","ping_status":"closed","template":"","meta":{"rank_math_focus_keyword":"","rank_math_title":"","rank_math_description":"","footnotes":""},"class_list":["post-2737","page","type-page","status-publish","hentry","no-post-thumbnail"],"g_custom_schema_json":"","_links":{"self":[{"href":"https:\/\/doubletakedecor.com\/sk\/wp-json\/wp\/v2\/pages\/2737","targetHints":{"allow":["GET"]}}],"collection":[{"href":"https:\/\/doubletakedecor.com\/sk\/wp-json\/wp\/v2\/pages"}],"about":[{"href":"https:\/\/doubletakedecor.com\/sk\/wp-json\/wp\/v2\/types\/page"}],"author":[{"embeddable":true,"href":"https:\/\/doubletakedecor.com\/sk\/wp-json\/wp\/v2\/users\/14"}],"replies":[{"embeddable":true,"href":"https:\/\/doubletakedecor.com\/sk\/wp-json\/wp\/v2\/comments?post=2737"}],"version-history":[{"count":2,"href":"https:\/\/doubletakedecor.com\/sk\/wp-json\/wp\/v2\/pages\/2737\/revisions"}],"predecessor-version":[{"id":2740,"href":"https:\/\/doubletakedecor.com\/sk\/wp-json\/wp\/v2\/pages\/2737\/revisions\/2740"}],"wp:attachment":[{"href":"https:\/\/doubletakedecor.com\/sk\/wp-json\/wp\/v2\/media?parent=2737"}],"curies":[{"name":"wp","href":"https:\/\/api.w.org\/{rel}","templated":true}]}}